{"id":12,"date":"2014-04-09T10:33:07","date_gmt":"2014-04-09T08:33:07","guid":{"rendered":"http:\/\/wordpress.anita-drenckhahn.de\/?page_id=12"},"modified":"2019-03-19T10:51:52","modified_gmt":"2019-03-19T08:51:52","slug":"gesangsunterricht","status":"publish","type":"page","link":"https:\/\/www.anita-drenckhahn.de\/","title":{"rendered":"Gesangsunterricht &#8230;"},"content":{"rendered":"\n<h2 class=\"wp-block-heading\">&nbsp;<strong>&#8230; entdecke, dass Du singen kannst<\/strong><\/h2>\n\n\n\n<p style=\"text-align:center\"><strong>Wenn du gehen kannst,<br \/><\/strong><strong>kannst du auch&nbsp;<\/strong><strong>tanzen.<br \/>Wenn du sprechen kannst,<br \/>kannst du auch singen.<\/strong><br \/><em>(Weisheit aus Zimbabwe)<\/em><\/p>\n\n\n\n<div class=\"wp-block-image\"><figure class=\"alignright\"><img loading=\"lazy\" decoding=\"async\" width=\"300\" height=\"283\" src=\"https:\/\/www.anita-drenckhahn.de\/wp-content\/uploads\/2017\/11\/P1100632_work-300x283.jpg\" alt=\"\" class=\"wp-image-129\" srcset=\"https:\/\/www.anita-drenckhahn.de\/wp-content\/uploads\/2017\/11\/P1100632_work-300x283.jpg 300w, https:\/\/www.anita-drenckhahn.de\/wp-content\/uploads\/2017\/11\/P1100632_work-768x724.jpg 768w, https:\/\/www.anita-drenckhahn.de\/wp-content\/uploads\/2017\/11\/P1100632_work-1024x965.jpg 1024w, https:\/\/www.anita-drenckhahn.de\/wp-content\/uploads\/2017\/11\/P1100632_work-700x660.jpg 700w\" sizes=\"auto, (max-width: 300px) 100vw, 300px\" \/><\/figure><\/div>\n\n\n\n<p>Viel zuviele Menschen glauben, sie k\u00f6nnen nicht singen, meist durch Beeinflussung von au\u00dfen, durch schlechte Erfahrungen mit Eltern, Lehrern u.a. im Kindes- und Jugendalter. Die Erz\u00e4hlung, dass einem gesagt wurde: &#8222;Sei still, Du brummst!&#8220; oder &#8222;Du singst ja gr\u00e4\u00dflich!&#8220; begegnet mir in meiner Arbeit immer wieder. Menschen, die Anderen so den Mut nehmen sich stimmlich und musikalisch auszudr\u00fccken, wissen garnicht was sie damit anrichten. Ein Mensch, der sich in dieser Art kritisiert h\u00f6rt, macht vielleicht nie wieder im Leben seinen Mund auf, um daraus eines der direktesten Ausdrucksmittel unserer Seele, eines der Geschenke der Natur an uns, entweichen zu lassen: den Gesang. Ich pers\u00f6nlich bin davon \u00fcberzeugt und mit dieser Meinung stehe ich nicht alleine, dass jeder Mensch die Anlagen hat, singen zu lernen, egal wie gut oder schlecht seine Startbedingungen waren. Einzige Vorraussetzungen daf\u00fcr sind Offenheit und Experimentierfreude um etwas Neues auszuprobieren.<\/p>\n\n\n\n<p>Ich begleite Dich auf Deinem Weg zu, auf der Suche nach Deiner Gesangsstimme. Mit verschiedenen K\u00f6rperwahrnehmungs-, Atem-, Visualisierungs- und Stimmbildungs\u00fcbungen l\u00f6sen wir gemeinsam sanft Blockaden, um sich dann gesanglich frei entfalten zu k\u00f6nnen. Damit erweiterst du Deine Ausdrucksf\u00e4higkeit, Deine Selbstwahrnehmung und lernst Dich letzendlich selbst besser kennen.<\/p>\n\n\n\n<div class=\"wp-block-image\"><figure class=\"alignright\"><img loading=\"lazy\" decoding=\"async\" width=\"209\" height=\"300\" src=\"https:\/\/www.anita-drenckhahn.de\/wp-content\/uploads\/2014\/04\/saengerin.jpg\" alt=\"saengerin Anita\" class=\"wp-image-66\"\/><\/figure><\/div>\n\n\n\n<p>Singen ist ein langer, ja lebenslanger Proze\u00df, der immer entwickel- und erweiterbar und nie abgeschlossen ist.<\/p>\n\n\n\n<p>Ich biete Folgendes in meinem Unterricht an:<\/p>\n\n\n\n<ul class=\"wp-block-list\"><li><em>Brain-Gym-, Entspannungs-, K\u00f6rperwahrnehmungs- und Atem\u00fcbungen<\/em><\/li><li><em>Stimmbildungs\u00fcbungen<\/em><\/li><li><em>Ein\u00fcben von mir und im weiteren Verlauf des Unterrichts von Dir ausgew\u00e4hlten Liedern (Mantras, Spirituals, Volkslieder, Pop-\/ Rocksongs, etc.)<\/em><\/li><li><em>Geh\u00f6rbildung, Musiktheorie f\u00fcr Anf\u00e4ngerInnen<\/em><\/li><\/ul>\n\n\n\n<p>Falls Du Dich daf\u00fcr interessierst, was ich musikalisch mein Leben lang gemacht habe (die sechs Jahre Blockfl\u00f6ten-AG habe ich mal drau\u00dfen gelassen (-; ), kannst Du Dir meinen&nbsp;<a style=\"color: #e0552c;\" href=\"http:\/\/www.anita-drenckhahn.de\/?page_id=16\">Musikalischen Werdegang<\/a>&nbsp;anschauen.<\/p>\n\n\n\n<p>Wenn Du Interesse an Gesangsunterricht hast und wissen m\u00f6chtest wie meine Konditionen sind, kannst Du mich \u00fcber meine Kontaktdaten, die im Impressum stehen, erreichen. Der Unterricht findet in&nbsp;<a style=\"color: #e0552c;\" href=\"http:\/\/maps.google.de\/maps?f=q&amp;source=s_q&amp;hl=de&amp;geocode=&amp;q=Lindenstra%C3%9Fe+10,+35094+Lahntal-Go%C3%9Ffelden&amp;sll=51.399206,10.415039&amp;sspn=11.934881,32.431641&amp;ie=UTF8&amp;ll=50.869461,8.740096&amp;spn=0.011781,0.031672&amp;t=h&amp;z=15\" target=\"_blank\" rel=\"noopener noreferrer\">35094 Lahntal-Go\u00dffelden<\/a>&nbsp;(5 Kilometer n\u00f6rdlich von Marburg\/ Lahn\/ Hessen) statt.<\/p>\n","protected":false},"excerpt":{"rendered":"<p>&nbsp;&#8230; entdecke, dass Du singen kannst Wenn du gehen kannst,kannst du auch&nbsp;tanzen.Wenn du sprechen kannst,kannst du auch singen.(Weisheit aus Zimbabwe) Viel zuviele Menschen glauben, sie k\u00f6nnen nicht singen, meist durch Beeinflussung von au\u00dfen, durch schlechte Erfahrungen mit Eltern, Lehrern u.a. im Kindes- und Jugendalter. Die Erz\u00e4hlung, dass einem gesagt wurde: &#8222;Sei still, Du brummst!&#8220; oder [&hellip;]<\/p>\n","protected":false},"author":1,"featured_media":0,"parent":0,"menu_order":0,"comment_status":"closed","ping_status":"closed","template":"page_fullwidth.php","meta":{"footnotes":""},"class_list":["post-12","page","type-page","status-publish","hentry"],"_links":{"self":[{"href":"https:\/\/www.anita-drenckhahn.de\/index.php?rest_route=\/wp\/v2\/pages\/12","targetHints":{"allow":["GET"]}}],"collection":[{"href":"https:\/\/www.anita-drenckhahn.de\/index.php?rest_route=\/wp\/v2\/pages"}],"about":[{"href":"https:\/\/www.anita-drenckhahn.de\/index.php?rest_route=\/wp\/v2\/types\/page"}],"author":[{"embeddable":true,"href":"https:\/\/www.anita-drenckhahn.de\/index.php?rest_route=\/wp\/v2\/users\/1"}],"replies":[{"embeddable":true,"href":"https:\/\/www.anita-drenckhahn.de\/index.php?rest_route=%2Fwp%2Fv2%2Fcomments&post=12"}],"version-history":[{"count":29,"href":"https:\/\/www.anita-drenckhahn.de\/index.php?rest_route=\/wp\/v2\/pages\/12\/revisions"}],"predecessor-version":[{"id":154,"href":"https:\/\/www.anita-drenckhahn.de\/index.php?rest_route=\/wp\/v2\/pages\/12\/revisions\/154"}],"wp:attachment":[{"href":"https:\/\/www.anita-drenckhahn.de\/index.php?rest_route=%2Fwp%2Fv2%2Fmedia&parent=12"}],"curies":[{"name":"wp","href":"https:\/\/api.w.org\/{rel}","templated":true}]}}